{"id":19,"date":"2018-12-16T07:32:55","date_gmt":"2018-12-16T07:32:55","guid":{"rendered":"https:\/\/alfavac.com\/en\/?page_id=19"},"modified":"2020-12-21T15:44:57","modified_gmt":"2020-12-21T12:44:57","slug":"contact","status":"publish","type":"page","link":"https:\/\/alfavac.com\/en\/contact\/","title":{"rendered":"Contact"},"content":{"rendered":"\n\n\t<p>You can fill the form below to contact us or you can contact us from our contact informations.<\/p>\n\t<noscript class=\"ninja-forms-noscript-message\">\n\tNotice: JavaScript is required for this content.<\/noscript>\n<div id=\"nf-form-1-cont\" class=\"nf-form-cont\" aria-live=\"polite\" aria-labelledby=\"nf-form-title-1\" aria-describedby=\"nf-form-errors-1\" role=\"form\">\n\n    <div class=\"nf-loading-spinner\"><\/div>\n\n<\/div>\n        <!-- That data is being printed as a workaround to page builders reordering the order of the scripts loaded-->\n        <script>var formDisplay=1;var nfForms=nfForms||[];var form=[];form.id='1';form.settings={\"objectType\":\"Form Setting\",\"editActive\":true,\"title\":\"Contact Form\",\"created_at\":\"2016-03-16 20:27:29\",\"show_title\":\"1\",\"clear_complete\":\"1\",\"hide_complete\":\"1\",\"currency\":\"usd\",\"add_submit\":\"1\",\"logged_in\":\"0\",\"default_label_pos\":\"above\",\"wrapper_class\":\"\",\"element_class\":\"\",\"not_logged_in_msg\":\"\",\"sub_limit_msg\":\"\",\"calculations\":[],\"fieldContentsData\":[{\"label\":\"Name\",\"key\":\"name\",\"parent_id\":1,\"type\":\"textbox\",\"created_at\":\"2016-03-16 20:27:29\",\"objectType\":\"Field\",\"objectDomain\":\"fields\",\"editActive\":false,\"label_pos\":\"above\",\"required\":1,\"placeholder\":\"\",\"default\":\"\",\"wrapper_class\":\"\",\"element_class\":\"\",\"input_limit\":\"\",\"input_limit_type\":\"characters\",\"input_limit_message\":\"Character(s) left\",\"manual_key\":\"\",\"disable_input\":\"\",\"admin_label\":\"\",\"help_text\":\"\",\"desc_text\":\"\",\"desc_pos\":\"\",\"disable_browser_autocomplete\":\"\",\"mask\":\"\",\"custom_mask\":\"\",\"order\":1,\"container_class\":\"\",\"input_limit_msg\":\"Character(s) left\",\"id\":1},{\"label\":\"Email\",\"key\":\"email\",\"parent_id\":1,\"type\":\"email\",\"created_at\":\"2016-03-16 20:27:29\",\"objectType\":\"Field\",\"objectDomain\":\"fields\",\"editActive\":false,\"label_pos\":\"above\",\"required\":1,\"default\":\"\",\"placeholder\":\"\",\"wrapper_class\":\"\",\"element_class\":\"\",\"admin_label\":\"\",\"help_text\":\"\",\"desc_text\":\"\",\"desc_pos\":\"\",\"order\":2,\"container_class\":\"\",\"id\":2},{\"label\":\"Message\",\"key\":\"message\",\"parent_id\":1,\"type\":\"textarea\",\"created_at\":\"2016-03-16 20:27:29\",\"objectType\":\"Field\",\"objectDomain\":\"fields\",\"editActive\":false,\"label_pos\":\"above\",\"required\":1,\"placeholder\":\"\",\"default\":\"\",\"wrapper_class\":\"\",\"element_class\":\"\",\"input_limit\":\"\",\"input_limit_type\":\"characters\",\"input_limit_message\":\"Character(s) left\",\"manual_key\":\"\",\"disable_input\":\"\",\"admin_label\":\"\",\"help_text\":\"\",\"desc_text\":\"\",\"desc_pos\":\"\",\"disable_browser_autocomplete\":\"\",\"textarea_rte\":\"\",\"disable_rte_mobile\":\"\",\"textarea_media\":\"\",\"order\":3,\"container_class\":\"\",\"input_limit_msg\":\"Character(s) left\",\"id\":3},{\"label\":\"What is thirteen minus 6?\",\"key\":\"spam_1\",\"parent_id\":1,\"type\":\"spam\",\"created_at\":\"2016-03-16 20:27:29\",\"objectType\":\"Field\",\"objectDomain\":\"fields\",\"editActive\":false,\"label_pos\":\"above\",\"required\":1,\"placeholder\":\"\",\"default\":\"\",\"wrapper_class\":\"\",\"element_class\":\"\",\"input_limit\":\"\",\"input_limit_type\":\"characters\",\"input_limit_message\":\"Character(s) left\",\"manual_key\":1,\"disable_input\":\"\",\"admin_label\":\"\",\"help_text\":\"\",\"desc_text\":\"\",\"desc_pos\":\"\",\"spam_answer\":7,\"order\":4,\"container_class\":\"\",\"input_limit_msg\":\"Character(s) left\",\"id\":4},{\"label\":\"Send\",\"key\":\"send\",\"parent_id\":1,\"type\":\"submit\",\"created_at\":\"2016-03-16 20:27:29\",\"objectType\":\"Field\",\"objectDomain\":\"fields\",\"editActive\":false,\"processing_label\":\"Processing\",\"wrapper_class\":\"\",\"element_class\":\"\",\"order\":5,\"container_class\":\"\",\"id\":5}],\"formContentData\":[\"name_1587209585556\",\"email_1587209593682\",\"phone_1587209604755\",\"message_1587209620914\",\"spam_1484329757987\",\"send\"],\"allow_public_link\":0,\"embed_form\":\"\",\"unique_field_error\":\"A form with this value has already been submitted.\",\"key\":\"\",\"changeEmailErrorMsg\":\"Please enter a valid email address!\",\"changeDateErrorMsg\":\"Please enter a valid date!\",\"confirmFieldErrorMsg\":\"These fields must match!\",\"fieldNumberNumMinError\":\"Number Min Error\",\"fieldNumberNumMaxError\":\"Number Max Error\",\"fieldNumberIncrementBy\":\"Please increment by \",\"formErrorsCorrectErrors\":\"Please correct errors before submitting this form.\",\"validateRequiredField\":\"This field must be filled in mandatory.\",\"honeypotHoneypotError\":\"Honeypot Error\",\"fieldsMarkedRequired\":\"The places marked with * are mandatory fields.\",\"drawerDisabled\":false,\"repeatable_fieldsets\":\"\",\"ninjaForms\":\"Ninja Forms\",\"fieldTextareaRTEInsertLink\":\"Insert Link\",\"fieldTextareaRTEInsertMedia\":\"Insert Media\",\"fieldTextareaRTESelectAFile\":\"Select a file\",\"formHoneypot\":\"If you are a human seeing this field, please leave it empty.\",\"fileUploadOldCodeFileUploadInProgress\":\"File Upload in Progress.\",\"fileUploadOldCodeFileUpload\":\"FILE UPLOAD\",\"currencySymbol\":\"$\",\"thousands_sep\":\",\",\"decimal_point\":\".\",\"siteLocale\":\"en_GB\",\"dateFormat\":\"d\\\/m\\\/Y\",\"startOfWeek\":\"1\",\"of\":\"of\",\"previousMonth\":\"Previous Month\",\"nextMonth\":\"Next Month\",\"months\":[\"January\",\"February\",\"March\",\"April\",\"May\",\"June\",\"July\",\"August\",\"September\",\"October\",\"November\",\"December\"],\"monthsShort\":[\"Jan\",\"Feb\",\"Mar\",\"Apr\",\"May\",\"Jun\",\"Jul\",\"Aug\",\"Sep\",\"Oct\",\"Nov\",\"Dec\"],\"weekdays\":[\"Sunday\",\"Monday\",\"Tuesday\",\"Wednesday\",\"Thursday\",\"Friday\",\"Saturday\"],\"weekdaysShort\":[\"Sun\",\"Mon\",\"Tue\",\"Wed\",\"Thu\",\"Fri\",\"Sat\"],\"weekdaysMin\":[\"Su\",\"Mo\",\"Tu\",\"We\",\"Th\",\"Fr\",\"Sa\"],\"recaptchaConsentMissing\":\"reCaptcha validation couldn&#039;t load.\",\"recaptchaMissingCookie\":\"reCaptcha v3 validation couldn&#039;t load the cookie needed to submit the form.\",\"recaptchaConsentEvent\":\"Accept reCaptcha cookies before sending the form.\",\"currency_symbol\":\"\",\"beforeForm\":\"\",\"beforeFields\":\"\",\"afterFields\":\"\",\"afterForm\":\"\"};form.fields=[{\"objectType\":\"Field\",\"objectDomain\":\"fields\",\"editActive\":false,\"order\":1,\"idAttribute\":\"id\",\"type\":\"textbox\",\"label\":\"Name\",\"key\":\"name_1587209585556\",\"label_pos\":\"above\",\"required\":1,\"input_limit_type\":\"characters\",\"input_limit_msg\":\"Character(s) left\",\"manual_key\":false,\"default\":\"\",\"placeholder\":\"\",\"container_class\":\"\",\"element_class\":\"\",\"input_limit\":\"\",\"admin_label\":\"\",\"help_text\":\"\",\"mask\":\"\",\"custom_mask\":\"\",\"custom_name_attribute\":\"\",\"personally_identifiable\":\"\",\"value\":\"\",\"drawerDisabled\":false,\"id\":12,\"beforeField\":\"\",\"afterField\":\"\",\"parentType\":\"textbox\",\"element_templates\":[\"textbox\",\"input\"],\"old_classname\":\"\",\"wrap_template\":\"wrap\"},{\"objectType\":\"Field\",\"objectDomain\":\"fields\",\"editActive\":false,\"order\":2,\"idAttribute\":\"id\",\"type\":\"email\",\"label\":\"Email\",\"key\":\"email_1587209593682\",\"label_pos\":\"above\",\"required\":1,\"default\":\"\",\"placeholder\":\"\",\"container_class\":\"\",\"element_class\":\"\",\"admin_label\":\"\",\"help_text\":\"\",\"custom_name_attribute\":\"email\",\"personally_identifiable\":1,\"value\":\"\",\"drawerDisabled\":false,\"id\":13,\"beforeField\":\"\",\"afterField\":\"\",\"parentType\":\"email\",\"element_templates\":[\"email\",\"input\"],\"old_classname\":\"\",\"wrap_template\":\"wrap\"},{\"objectType\":\"Field\",\"objectDomain\":\"fields\",\"editActive\":false,\"order\":3,\"idAttribute\":\"id\",\"label\":\"Phone\",\"type\":\"phone\",\"key\":\"phone_1587209604755\",\"label_pos\":\"above\",\"required\":1,\"default\":\"\",\"placeholder\":\"\",\"container_class\":\"\",\"element_class\":\"\",\"input_limit\":\"\",\"input_limit_type\":\"characters\",\"input_limit_msg\":\"Character(s) left\",\"manual_key\":false,\"admin_label\":\"\",\"help_text\":\"\",\"mask\":\"\",\"custom_mask\":\"\",\"custom_name_attribute\":\"phone\",\"personally_identifiable\":1,\"value\":\"\",\"drawerDisabled\":false,\"id\":17,\"beforeField\":\"\",\"afterField\":\"\",\"parentType\":\"textbox\",\"element_templates\":[\"tel\",\"textbox\",\"input\"],\"old_classname\":\"\",\"wrap_template\":\"wrap\"},{\"objectType\":\"Field\",\"objectDomain\":\"fields\",\"editActive\":false,\"order\":5,\"idAttribute\":\"id\",\"type\":\"textarea\",\"label\":\"Message\",\"key\":\"message_1587209620914\",\"label_pos\":\"above\",\"required\":1,\"input_limit_type\":\"characters\",\"input_limit_msg\":\"Character(s) left\",\"manual_key\":false,\"default\":\"\",\"placeholder\":\"\",\"container_class\":\"\",\"element_class\":\"\",\"input_limit\":\"\",\"admin_label\":\"\",\"help_text\":\"\",\"textarea_rte\":\"\",\"disable_rte_mobile\":\"\",\"textarea_media\":\"\",\"value\":\"\",\"drawerDisabled\":false,\"id\":14,\"beforeField\":\"\",\"afterField\":\"\",\"parentType\":\"textarea\",\"element_templates\":[\"textarea\",\"input\"],\"old_classname\":\"\",\"wrap_template\":\"wrap\"},{\"objectType\":\"Field\",\"objectDomain\":\"fields\",\"editActive\":false,\"order\":6,\"idAttribute\":\"id\",\"type\":\"spam\",\"label\":\"What is 13 - 6 = ?\",\"key\":\"spam_1484329757987\",\"label_pos\":\"above\",\"required\":1,\"input_limit_type\":\"characters\",\"input_limit_msg\":\"Character(s) left\",\"manual_key\":true,\"spam_answer\":7,\"default\":\"\",\"placeholder\":\"\",\"container_class\":\"\",\"element_class\":\"\",\"input_limit\":\"\",\"admin_label\":\"\",\"help_text\":\"\",\"value\":\"\",\"drawerDisabled\":false,\"id\":15,\"beforeField\":\"\",\"afterField\":\"\",\"parentType\":\"spam\",\"element_templates\":[\"textbox\",\"input\"],\"old_classname\":\"\",\"wrap_template\":\"wrap\"},{\"objectType\":\"Field\",\"objectDomain\":\"fields\",\"editActive\":false,\"order\":7,\"idAttribute\":\"id\",\"type\":\"submit\",\"label\":\"Send\",\"processing_label\":\"Sending ...\",\"key\":\"send\",\"container_class\":\"\",\"element_class\":\"\",\"drawerDisabled\":false,\"id\":16,\"beforeField\":\"\",\"afterField\":\"\",\"value\":\"\",\"label_pos\":\"above\",\"parentType\":\"textbox\",\"element_templates\":[\"submit\",\"button\",\"input\"],\"old_classname\":\"\",\"wrap_template\":\"wrap-no-label\"}];nfForms.push(form);<\/script>\n        \n\t<h2>Alfavac Central Vacuum Cleaners<\/h2>\n<p>&nbsp;<\/p>\n<h3>Phone: +90 850 495 55 16<\/h3>\n<h3><\/h3>\n<h3><strong>7\/24 Whatsapp Line: +90 312 495 00 51\u00a0<\/strong><\/h3>\n<h3><\/h3>\n<h3>Fax: +90 312 219 66 86<\/h3>\n<h3><\/h3>\n<h3>Email: info@alfavac.com<\/h3>\n<p>&nbsp;<\/p>\n\n\n<p>Address: Uzay Cagi Caddesi Ayik Is Merkezi No:82-2\/B16 Ostim Organize Sanayi Bolgesi Ankara TURKEY<\/p>\n\n<p>Velibaba Mah. Yakac\u0131k Cd. No:106\/1 Pendik \u0130STANBUL TURKEY<\/p>\n\n<p>Adres: Onur Mah. Fulya Sk No:45\/A Bal\u00e7ova \u0130ZM\u0130R TURKEY<\/p>\n\n","protected":false},"excerpt":{"rendered":"<p>You can fill the form below to contact us or you can contact us from our contact informations. Alfavac Central Vacuum Cleaners &nbsp; Phone: +90 850 495 55 16 7\/24 Whatsapp Line: +90 312 495 00 51\u00a0 Fax: +90 312 219 66 86 Email: info@alfavac.com &nbsp; Address: Uzay Cagi Caddesi Ayik Is Merkezi No:82-2\/B16 Ostim<\/p>\n<p><a href=\"https:\/\/alfavac.com\/en\/contact\/\" class=\"more-link themebutton\">Read More<\/a><\/p>\n","protected":false},"author":1,"featured_media":0,"parent":0,"menu_order":0,"comment_status":"closed","ping_status":"closed","template":"","meta":{"_joinchat":[],"footnotes":""},"class_list":["post-19","page","type-page","status-publish","hentry"],"yoast_head":"<!-- This site is optimized with the Yoast SEO plugin v26.8 - https:\/\/yoast.com\/product\/yoast-seo-wordpress\/ -->\n<title>Contact -<\/title>\n<meta name=\"robots\" content=\"index, follow, max-snippet:-1, max-image-preview:large, max-video-preview:-1\" \/>\n<link rel=\"canonical\" href=\"https:\/\/alfavac.com\/en\/contact\/\" \/>\n<meta property=\"og:locale\" content=\"en_GB\" \/>\n<meta property=\"og:type\" content=\"article\" \/>\n<meta property=\"og:title\" content=\"Contact -\" \/>\n<meta property=\"og:description\" content=\"You can fill the form below to contact us or you can contact us from our contact informations. Alfavac Central Vacuum Cleaners &nbsp; Phone: +90 850 495 55 16 7\/24 Whatsapp Line: +90 312 495 00 51\u00a0 Fax: +90 312 219 66 86 Email: info@alfavac.com &nbsp; Address: Uzay Cagi Caddesi Ayik Is Merkezi No:82-2\/B16 OstimRead More\" \/>\n<meta property=\"og:url\" content=\"https:\/\/alfavac.com\/en\/contact\/\" \/>\n<meta property=\"article:modified_time\" content=\"2020-12-21T12:44:57+00:00\" \/>\n<meta name=\"twitter:card\" content=\"summary_large_image\" \/>\n<script type=\"application\/ld+json\" class=\"yoast-schema-graph\">{\"@context\":\"https:\/\/schema.org\",\"@graph\":[{\"@type\":\"WebPage\",\"@id\":\"https:\/\/alfavac.com\/en\/contact\/\",\"url\":\"https:\/\/alfavac.com\/en\/contact\/\",\"name\":\"Contact -\",\"isPartOf\":{\"@id\":\"https:\/\/alfavac.com\/en\/#website\"},\"datePublished\":\"2018-12-16T07:32:55+00:00\",\"dateModified\":\"2020-12-21T12:44:57+00:00\",\"breadcrumb\":{\"@id\":\"https:\/\/alfavac.com\/en\/contact\/#breadcrumb\"},\"inLanguage\":\"en-GB\",\"potentialAction\":[{\"@type\":\"ReadAction\",\"target\":[\"https:\/\/alfavac.com\/en\/contact\/\"]}]},{\"@type\":\"BreadcrumbList\",\"@id\":\"https:\/\/alfavac.com\/en\/contact\/#breadcrumb\",\"itemListElement\":[{\"@type\":\"ListItem\",\"position\":1,\"name\":\"Home\",\"item\":\"https:\/\/alfavac.com\/en\/\"},{\"@type\":\"ListItem\",\"position\":2,\"name\":\"Contact\"}]},{\"@type\":\"WebSite\",\"@id\":\"https:\/\/alfavac.com\/en\/#website\",\"url\":\"https:\/\/alfavac.com\/en\/\",\"name\":\"Alfavac Central Vacuum Systems\",\"description\":\"Alfavac Central Vacuum Systems\",\"publisher\":{\"@id\":\"https:\/\/alfavac.com\/en\/#organization\"},\"potentialAction\":[{\"@type\":\"SearchAction\",\"target\":{\"@type\":\"EntryPoint\",\"urlTemplate\":\"https:\/\/alfavac.com\/en\/?s={search_term_string}\"},\"query-input\":{\"@type\":\"PropertyValueSpecification\",\"valueRequired\":true,\"valueName\":\"search_term_string\"}}],\"inLanguage\":\"en-GB\"},{\"@type\":\"Organization\",\"@id\":\"https:\/\/alfavac.com\/en\/#organization\",\"name\":\"Alfavac Central Vacuum Systems\",\"url\":\"https:\/\/alfavac.com\/en\/\",\"logo\":{\"@type\":\"ImageObject\",\"inLanguage\":\"en-GB\",\"@id\":\"https:\/\/alfavac.com\/en\/#\/schema\/logo\/image\/\",\"url\":\"https:\/\/alfavac.com\/en\/wp-content\/uploads\/2021\/01\/logo.png\",\"contentUrl\":\"https:\/\/alfavac.com\/en\/wp-content\/uploads\/2021\/01\/logo.png\",\"width\":1217,\"height\":358,\"caption\":\"Alfavac Central Vacuum Systems\"},\"image\":{\"@id\":\"https:\/\/alfavac.com\/en\/#\/schema\/logo\/image\/\"},\"sameAs\":[\"https:\/\/tr.pinterest.com\/alfavac\/\",\"https:\/\/www.youtube.com\/channel\/UC2iR2hoshUkVb7kAA1iTFMQ\"]}]}<\/script>\n<!-- \/ Yoast SEO plugin. -->","yoast_head_json":{"title":"Contact -","robots":{"index":"index","follow":"follow","max-snippet":"max-snippet:-1","max-image-preview":"max-image-preview:large","max-video-preview":"max-video-preview:-1"},"canonical":"https:\/\/alfavac.com\/en\/contact\/","og_locale":"en_GB","og_type":"article","og_title":"Contact -","og_description":"You can fill the form below to contact us or you can contact us from our contact informations. Alfavac Central Vacuum Cleaners &nbsp; Phone: +90 850 495 55 16 7\/24 Whatsapp Line: +90 312 495 00 51\u00a0 Fax: +90 312 219 66 86 Email: info@alfavac.com &nbsp; Address: Uzay Cagi Caddesi Ayik Is Merkezi No:82-2\/B16 OstimRead More","og_url":"https:\/\/alfavac.com\/en\/contact\/","article_modified_time":"2020-12-21T12:44:57+00:00","twitter_card":"summary_large_image","schema":{"@context":"https:\/\/schema.org","@graph":[{"@type":"WebPage","@id":"https:\/\/alfavac.com\/en\/contact\/","url":"https:\/\/alfavac.com\/en\/contact\/","name":"Contact -","isPartOf":{"@id":"https:\/\/alfavac.com\/en\/#website"},"datePublished":"2018-12-16T07:32:55+00:00","dateModified":"2020-12-21T12:44:57+00:00","breadcrumb":{"@id":"https:\/\/alfavac.com\/en\/contact\/#breadcrumb"},"inLanguage":"en-GB","potentialAction":[{"@type":"ReadAction","target":["https:\/\/alfavac.com\/en\/contact\/"]}]},{"@type":"BreadcrumbList","@id":"https:\/\/alfavac.com\/en\/contact\/#breadcrumb","itemListElement":[{"@type":"ListItem","position":1,"name":"Home","item":"https:\/\/alfavac.com\/en\/"},{"@type":"ListItem","position":2,"name":"Contact"}]},{"@type":"WebSite","@id":"https:\/\/alfavac.com\/en\/#website","url":"https:\/\/alfavac.com\/en\/","name":"Alfavac Central Vacuum Systems","description":"Alfavac Central Vacuum Systems","publisher":{"@id":"https:\/\/alfavac.com\/en\/#organization"},"potentialAction":[{"@type":"SearchAction","target":{"@type":"EntryPoint","urlTemplate":"https:\/\/alfavac.com\/en\/?s={search_term_string}"},"query-input":{"@type":"PropertyValueSpecification","valueRequired":true,"valueName":"search_term_string"}}],"inLanguage":"en-GB"},{"@type":"Organization","@id":"https:\/\/alfavac.com\/en\/#organization","name":"Alfavac Central Vacuum Systems","url":"https:\/\/alfavac.com\/en\/","logo":{"@type":"ImageObject","inLanguage":"en-GB","@id":"https:\/\/alfavac.com\/en\/#\/schema\/logo\/image\/","url":"https:\/\/alfavac.com\/en\/wp-content\/uploads\/2021\/01\/logo.png","contentUrl":"https:\/\/alfavac.com\/en\/wp-content\/uploads\/2021\/01\/logo.png","width":1217,"height":358,"caption":"Alfavac Central Vacuum Systems"},"image":{"@id":"https:\/\/alfavac.com\/en\/#\/schema\/logo\/image\/"},"sameAs":["https:\/\/tr.pinterest.com\/alfavac\/","https:\/\/www.youtube.com\/channel\/UC2iR2hoshUkVb7kAA1iTFMQ"]}]}},"_links":{"self":[{"href":"https:\/\/alfavac.com\/en\/wp-json\/wp\/v2\/pages\/19","targetHints":{"allow":["GET"]}}],"collection":[{"href":"https:\/\/alfavac.com\/en\/wp-json\/wp\/v2\/pages"}],"about":[{"href":"https:\/\/alfavac.com\/en\/wp-json\/wp\/v2\/types\/page"}],"author":[{"embeddable":true,"href":"https:\/\/alfavac.com\/en\/wp-json\/wp\/v2\/users\/1"}],"replies":[{"embeddable":true,"href":"https:\/\/alfavac.com\/en\/wp-json\/wp\/v2\/comments?post=19"}],"version-history":[{"count":16,"href":"https:\/\/alfavac.com\/en\/wp-json\/wp\/v2\/pages\/19\/revisions"}],"predecessor-version":[{"id":1077,"href":"https:\/\/alfavac.com\/en\/wp-json\/wp\/v2\/pages\/19\/revisions\/1077"}],"wp:attachment":[{"href":"https:\/\/alfavac.com\/en\/wp-json\/wp\/v2\/media?parent=19"}],"curies":[{"name":"wp","href":"https:\/\/api.w.org\/{rel}","templated":true}]}}