{"id":364,"date":"2018-12-16T10:19:52","date_gmt":"2018-12-16T10:19:52","guid":{"rendered":"https:\/\/alfavac.com\/en\/?page_id=364"},"modified":"2020-07-15T14:11:23","modified_gmt":"2020-07-15T14:11:23","slug":"pro-3000","status":"publish","type":"page","link":"https:\/\/alfavac.com\/en\/main-units\/pro-series\/pro-3000\/","title":{"rendered":"PRO 3000"},"content":{"rendered":"\n\t\t\t\t<img loading=\"lazy\" decoding=\"async\" src=\"https:\/\/alfavac.com\/en\/wp-content\/uploads\/2020\/05\/alfavac-pro-k\u00fc\u00e7\u00fck-1-sn.gif\" alt=\"alfavac-pro-k\u00fc\u00e7\u00fck-1-sn\" itemprop=\"image\" height=\"1775\" width=\"1063\" title=\"alfavac-pro-k\u00fc\u00e7\u00fck-1-sn\" onerror=\"this.style.display='none'\"  \/>\n\t<h3><strong>ALFAVAC PRO 3000<\/strong><\/h3>\n<p>The PRO3000 series can be used in buildings that do not exceed a maximum pipe distance of 30 meters. The main unit can be installed in areas with an ambient temperature range of + 5- + 35 \u00baC.<\/p>\n<p><strong>Technicial Specifications:<\/strong><\/p>\n<p>Electric power: 1250 W<\/p>\n<p>Air power (max): 570 AirWatt<\/p>\n<p>Noise level Lp: 58 dB (A) +\/- 2 dB<\/p>\n<p>Maximum pipe length: 30 mt.<\/p>\n<p>Dust container: 10 lt<\/p>\n<p>Width max. : 38 cm,<\/p>\n<p>Height: 55 cm<\/p>\n<p>Weight: 8.5 kg<\/p>\n<p>Water sealing<\/p>\n<p>Over temperature + overload protection<\/p>\nP\/N: 10100<br \/>\nUPC: 734480047834<br \/>\nEAN: 0734480047834\n\t<h3>You need to buy following parts with this product<\/h3>\n\t<h3><a href=\"https:\/\/alfavac.com\/en\/cleaning-sets\/\">CLEANING SETS<\/a><\/h3>\n\t\t\t\t<a href=\"https:\/\/alfavac.com\/en\/cleaning-sets\/\" target=\"_self\" itemprop=\"url\" rel=\"noopener noreferrer\">\n\t\t\t\t<img loading=\"lazy\" decoding=\"async\" src=\"https:\/\/alfavac.com\/en\/wp-content\/uploads\/2020\/02\/1559553819-300x300.png\" alt=\"1559553819\" itemprop=\"image\" height=\"300\" width=\"300\" title=\"1559553819\" onerror=\"this.style.display='none'\"  \/>\n\t\t\t\t<\/a>\n\t<h3><a href=\"https:\/\/alfavac.com\/en\/pipes-and-fittings\/\">PIPES AND FITTINGS<\/a><\/h3>\n\t\t\t\t<a href=\"https:\/\/alfavac.com\/en\/pipes-and-fittings\/\" target=\"_self\" itemprop=\"url\" rel=\"noopener noreferrer\">\n\t\t\t\t<img loading=\"lazy\" decoding=\"async\" src=\"https:\/\/alfavac.com\/en\/wp-content\/uploads\/2019\/01\/central-vacuum-pipe-fittings-300x236.jpg\" alt=\"central-vacuum-pipe-fittings\" itemprop=\"image\" height=\"236\" width=\"300\" title=\"central-vacuum-pipe-fittings\" onerror=\"this.style.display='none'\"  \/>\n\t\t\t\t<\/a>\n","protected":false},"excerpt":{"rendered":"<p>ALFAVAC PRO 3000 The PRO3000 series can be used in buildings that do not exceed a maximum pipe distance of 30 meters. The main unit can be installed in areas with an ambient temperature range of + 5- + 35 \u00baC. Technicial Specifications: Electric power: 1250 W Air power (max): 570 AirWatt Noise level Lp:<\/p>\n<p><a href=\"https:\/\/alfavac.com\/en\/main-units\/pro-series\/pro-3000\/\" class=\"more-link themebutton\">Read More<\/a><\/p>\n","protected":false},"author":1,"featured_media":0,"parent":595,"menu_order":0,"comment_status":"closed","ping_status":"closed","template":"","meta":{"_joinchat":[],"footnotes":""},"class_list":["post-364","page","type-page","status-publish","hentry"],"yoast_head":"<!-- This site is optimized with the Yoast SEO plugin v26.8 - https:\/\/yoast.com\/product\/yoast-seo-wordpress\/ -->\n<title>PRO 3000 -<\/title>\n<meta name=\"robots\" content=\"index, follow, max-snippet:-1, max-image-preview:large, max-video-preview:-1\" \/>\n<link rel=\"canonical\" href=\"https:\/\/alfavac.com\/en\/main-units\/pro-series\/pro-3000\/\" \/>\n<meta property=\"og:locale\" content=\"en_GB\" \/>\n<meta property=\"og:type\" content=\"article\" \/>\n<meta property=\"og:title\" content=\"PRO 3000 -\" \/>\n<meta property=\"og:description\" content=\"ALFAVAC PRO 3000 The PRO3000 series can be used in buildings that do not exceed a maximum pipe distance of 30 meters. The main unit can be installed in areas with an ambient temperature range of + 5- + 35 \u00baC. Technicial Specifications: Electric power: 1250 W Air power (max): 570 AirWatt Noise level Lp:Read More\" \/>\n<meta property=\"og:url\" content=\"https:\/\/alfavac.com\/en\/main-units\/pro-series\/pro-3000\/\" \/>\n<meta property=\"article:modified_time\" content=\"2020-07-15T14:11:23+00:00\" \/>\n<meta property=\"og:image\" content=\"https:\/\/alfavac.com\/en\/wp-content\/uploads\/2020\/05\/alfavac-pro-k\u00fc\u00e7\u00fck-1-sn.gif\" \/>\n<meta name=\"twitter:card\" content=\"summary_large_image\" \/>\n<script type=\"application\/ld+json\" class=\"yoast-schema-graph\">{\"@context\":\"https:\/\/schema.org\",\"@graph\":[{\"@type\":\"WebPage\",\"@id\":\"https:\/\/alfavac.com\/en\/main-units\/pro-series\/pro-3000\/\",\"url\":\"https:\/\/alfavac.com\/en\/main-units\/pro-series\/pro-3000\/\",\"name\":\"PRO 3000 -\",\"isPartOf\":{\"@id\":\"https:\/\/alfavac.com\/en\/#website\"},\"primaryImageOfPage\":{\"@id\":\"https:\/\/alfavac.com\/en\/main-units\/pro-series\/pro-3000\/#primaryimage\"},\"image\":{\"@id\":\"https:\/\/alfavac.com\/en\/main-units\/pro-series\/pro-3000\/#primaryimage\"},\"thumbnailUrl\":\"https:\/\/alfavac.com\/en\/wp-content\/uploads\/2020\/02\/1559553819-300x300.png\",\"datePublished\":\"2018-12-16T10:19:52+00:00\",\"dateModified\":\"2020-07-15T14:11:23+00:00\",\"breadcrumb\":{\"@id\":\"https:\/\/alfavac.com\/en\/main-units\/pro-series\/pro-3000\/#breadcrumb\"},\"inLanguage\":\"en-GB\",\"potentialAction\":[{\"@type\":\"ReadAction\",\"target\":[\"https:\/\/alfavac.com\/en\/main-units\/pro-series\/pro-3000\/\"]}]},{\"@type\":\"ImageObject\",\"inLanguage\":\"en-GB\",\"@id\":\"https:\/\/alfavac.com\/en\/main-units\/pro-series\/pro-3000\/#primaryimage\",\"url\":\"https:\/\/alfavac.com\/en\/wp-content\/uploads\/2020\/02\/1559553819.png\",\"contentUrl\":\"https:\/\/alfavac.com\/en\/wp-content\/uploads\/2020\/02\/1559553819.png\",\"width\":567,\"height\":567},{\"@type\":\"BreadcrumbList\",\"@id\":\"https:\/\/alfavac.com\/en\/main-units\/pro-series\/pro-3000\/#breadcrumb\",\"itemListElement\":[{\"@type\":\"ListItem\",\"position\":1,\"name\":\"Home\",\"item\":\"https:\/\/alfavac.com\/en\/\"},{\"@type\":\"ListItem\",\"position\":2,\"name\":\"Main Units\",\"item\":\"https:\/\/alfavac.com\/en\/main-units\/\"},{\"@type\":\"ListItem\",\"position\":3,\"name\":\"PRO SERIES\",\"item\":\"https:\/\/alfavac.com\/en\/main-units\/pro-series\/\"},{\"@type\":\"ListItem\",\"position\":4,\"name\":\"PRO 3000\"}]},{\"@type\":\"WebSite\",\"@id\":\"https:\/\/alfavac.com\/en\/#website\",\"url\":\"https:\/\/alfavac.com\/en\/\",\"name\":\"Alfavac Central Vacuum Systems\",\"description\":\"Alfavac Central Vacuum Systems\",\"publisher\":{\"@id\":\"https:\/\/alfavac.com\/en\/#organization\"},\"potentialAction\":[{\"@type\":\"SearchAction\",\"target\":{\"@type\":\"EntryPoint\",\"urlTemplate\":\"https:\/\/alfavac.com\/en\/?s={search_term_string}\"},\"query-input\":{\"@type\":\"PropertyValueSpecification\",\"valueRequired\":true,\"valueName\":\"search_term_string\"}}],\"inLanguage\":\"en-GB\"},{\"@type\":\"Organization\",\"@id\":\"https:\/\/alfavac.com\/en\/#organization\",\"name\":\"Alfavac Central Vacuum Systems\",\"url\":\"https:\/\/alfavac.com\/en\/\",\"logo\":{\"@type\":\"ImageObject\",\"inLanguage\":\"en-GB\",\"@id\":\"https:\/\/alfavac.com\/en\/#\/schema\/logo\/image\/\",\"url\":\"https:\/\/alfavac.com\/en\/wp-content\/uploads\/2021\/01\/logo.png\",\"contentUrl\":\"https:\/\/alfavac.com\/en\/wp-content\/uploads\/2021\/01\/logo.png\",\"width\":1217,\"height\":358,\"caption\":\"Alfavac Central Vacuum Systems\"},\"image\":{\"@id\":\"https:\/\/alfavac.com\/en\/#\/schema\/logo\/image\/\"},\"sameAs\":[\"https:\/\/tr.pinterest.com\/alfavac\/\",\"https:\/\/www.youtube.com\/channel\/UC2iR2hoshUkVb7kAA1iTFMQ\"]}]}<\/script>\n<!-- \/ Yoast SEO plugin. -->","yoast_head_json":{"title":"PRO 3000 -","robots":{"index":"index","follow":"follow","max-snippet":"max-snippet:-1","max-image-preview":"max-image-preview:large","max-video-preview":"max-video-preview:-1"},"canonical":"https:\/\/alfavac.com\/en\/main-units\/pro-series\/pro-3000\/","og_locale":"en_GB","og_type":"article","og_title":"PRO 3000 -","og_description":"ALFAVAC PRO 3000 The PRO3000 series can be used in buildings that do not exceed a maximum pipe distance of 30 meters. The main unit can be installed in areas with an ambient temperature range of + 5- + 35 \u00baC. Technicial Specifications: Electric power: 1250 W Air power (max): 570 AirWatt Noise level Lp:Read More","og_url":"https:\/\/alfavac.com\/en\/main-units\/pro-series\/pro-3000\/","article_modified_time":"2020-07-15T14:11:23+00:00","og_image":[{"url":"https:\/\/alfavac.com\/en\/wp-content\/uploads\/2020\/05\/alfavac-pro-k\u00fc\u00e7\u00fck-1-sn.gif","type":"","width":"","height":""}],"twitter_card":"summary_large_image","schema":{"@context":"https:\/\/schema.org","@graph":[{"@type":"WebPage","@id":"https:\/\/alfavac.com\/en\/main-units\/pro-series\/pro-3000\/","url":"https:\/\/alfavac.com\/en\/main-units\/pro-series\/pro-3000\/","name":"PRO 3000 -","isPartOf":{"@id":"https:\/\/alfavac.com\/en\/#website"},"primaryImageOfPage":{"@id":"https:\/\/alfavac.com\/en\/main-units\/pro-series\/pro-3000\/#primaryimage"},"image":{"@id":"https:\/\/alfavac.com\/en\/main-units\/pro-series\/pro-3000\/#primaryimage"},"thumbnailUrl":"https:\/\/alfavac.com\/en\/wp-content\/uploads\/2020\/02\/1559553819-300x300.png","datePublished":"2018-12-16T10:19:52+00:00","dateModified":"2020-07-15T14:11:23+00:00","breadcrumb":{"@id":"https:\/\/alfavac.com\/en\/main-units\/pro-series\/pro-3000\/#breadcrumb"},"inLanguage":"en-GB","potentialAction":[{"@type":"ReadAction","target":["https:\/\/alfavac.com\/en\/main-units\/pro-series\/pro-3000\/"]}]},{"@type":"ImageObject","inLanguage":"en-GB","@id":"https:\/\/alfavac.com\/en\/main-units\/pro-series\/pro-3000\/#primaryimage","url":"https:\/\/alfavac.com\/en\/wp-content\/uploads\/2020\/02\/1559553819.png","contentUrl":"https:\/\/alfavac.com\/en\/wp-content\/uploads\/2020\/02\/1559553819.png","width":567,"height":567},{"@type":"BreadcrumbList","@id":"https:\/\/alfavac.com\/en\/main-units\/pro-series\/pro-3000\/#breadcrumb","itemListElement":[{"@type":"ListItem","position":1,"name":"Home","item":"https:\/\/alfavac.com\/en\/"},{"@type":"ListItem","position":2,"name":"Main Units","item":"https:\/\/alfavac.com\/en\/main-units\/"},{"@type":"ListItem","position":3,"name":"PRO SERIES","item":"https:\/\/alfavac.com\/en\/main-units\/pro-series\/"},{"@type":"ListItem","position":4,"name":"PRO 3000"}]},{"@type":"WebSite","@id":"https:\/\/alfavac.com\/en\/#website","url":"https:\/\/alfavac.com\/en\/","name":"Alfavac Central Vacuum Systems","description":"Alfavac Central Vacuum Systems","publisher":{"@id":"https:\/\/alfavac.com\/en\/#organization"},"potentialAction":[{"@type":"SearchAction","target":{"@type":"EntryPoint","urlTemplate":"https:\/\/alfavac.com\/en\/?s={search_term_string}"},"query-input":{"@type":"PropertyValueSpecification","valueRequired":true,"valueName":"search_term_string"}}],"inLanguage":"en-GB"},{"@type":"Organization","@id":"https:\/\/alfavac.com\/en\/#organization","name":"Alfavac Central Vacuum Systems","url":"https:\/\/alfavac.com\/en\/","logo":{"@type":"ImageObject","inLanguage":"en-GB","@id":"https:\/\/alfavac.com\/en\/#\/schema\/logo\/image\/","url":"https:\/\/alfavac.com\/en\/wp-content\/uploads\/2021\/01\/logo.png","contentUrl":"https:\/\/alfavac.com\/en\/wp-content\/uploads\/2021\/01\/logo.png","width":1217,"height":358,"caption":"Alfavac Central Vacuum Systems"},"image":{"@id":"https:\/\/alfavac.com\/en\/#\/schema\/logo\/image\/"},"sameAs":["https:\/\/tr.pinterest.com\/alfavac\/","https:\/\/www.youtube.com\/channel\/UC2iR2hoshUkVb7kAA1iTFMQ"]}]}},"_links":{"self":[{"href":"https:\/\/alfavac.com\/en\/wp-json\/wp\/v2\/pages\/364","targetHints":{"allow":["GET"]}}],"collection":[{"href":"https:\/\/alfavac.com\/en\/wp-json\/wp\/v2\/pages"}],"about":[{"href":"https:\/\/alfavac.com\/en\/wp-json\/wp\/v2\/types\/page"}],"author":[{"embeddable":true,"href":"https:\/\/alfavac.com\/en\/wp-json\/wp\/v2\/users\/1"}],"replies":[{"embeddable":true,"href":"https:\/\/alfavac.com\/en\/wp-json\/wp\/v2\/comments?post=364"}],"version-history":[{"count":21,"href":"https:\/\/alfavac.com\/en\/wp-json\/wp\/v2\/pages\/364\/revisions"}],"predecessor-version":[{"id":1033,"href":"https:\/\/alfavac.com\/en\/wp-json\/wp\/v2\/pages\/364\/revisions\/1033"}],"up":[{"embeddable":true,"href":"https:\/\/alfavac.com\/en\/wp-json\/wp\/v2\/pages\/595"}],"wp:attachment":[{"href":"https:\/\/alfavac.com\/en\/wp-json\/wp\/v2\/media?parent=364"}],"curies":[{"name":"wp","href":"https:\/\/api.w.org\/{rel}","templated":true}]}}