{"id":389,"date":"2018-12-16T10:58:26","date_gmt":"2018-12-16T10:58:26","guid":{"rendered":"https:\/\/alfavac.com\/en\/?page_id=389"},"modified":"2020-05-31T05:53:31","modified_gmt":"2020-05-31T05:53:31","slug":"sweep-slot","status":"publish","type":"page","link":"https:\/\/alfavac.com\/en\/accesories\/sweep-slot\/","title":{"rendered":"Sweep Slot"},"content":{"rendered":"\n\t\t\t<img decoding=\"async\" src=\"https:\/\/alfavac.com\/en\/wp-content\/uploads\/2019\/01\/vacpan-white.jpg\" alt=\"\" \/>\t\t\t\n\t\t\t<img decoding=\"async\" src=\"https:\/\/alfavac.com\/en\/wp-content\/uploads\/2019\/01\/vacpan-silver.jpg\" alt=\"\" \/>\t\t\t\n\t\t\t<img decoding=\"async\" src=\"https:\/\/alfavac.com\/en\/wp-content\/uploads\/2019\/01\/CentralVac2.jpg\" alt=\"\" \/>\t\t\t\n\t\t\t\t<a href=\"#\" aria-label=\"previous\" role=\"button\">\n<\/a>\n\t\t\t\t<a href=\"#\" aria-label=\"next\" role=\"button\">\n<\/a>\n\t\t\t\t<img decoding=\"async\" src=\"https:\/\/alfavac.com\/en\/wp-content\/plugins\/beaver-builder-lite-version\/img\/pixel.png\" alt=\"\" itemprop=\"image\" onerror=\"this.style.display='none'\"  \/>\n\t<h3>SWEEP SLOT<\/h3>\n<p>Provides fast cleaning for frequently soiled places. Generally, the entrance to the houses and the kitchen are prefered. There is no need to use the cleaning set in places where a dustpan slot is used. When the button on it is pressed, his mouth opens and the central vacuum system starts working. Any dust and crumbs that are brought close to the dustpan are easily absorbed . Thanks to the well-planned dustpan slot, the central vacuum system is used more effectively.<\/p>\n\t<iframe loading=\"lazy\" title=\"Alfavac.com Merkezi s\u00fcp\u00fcrge i\u00e7in fara\u015f sistemi\" width=\"1170\" height=\"658\" src=\"https:\/\/www.youtube.com\/embed\/KPR12WdarKc?feature=oembed\" frameborder=\"0\" allow=\"accelerometer; autoplay; encrypted-media; gyroscope; picture-in-picture\" allowfullscreen><\/iframe>\n","protected":false},"excerpt":{"rendered":"<p>SWEEP SLOT Provides fast cleaning for frequently soiled places. Generally, the entrance to the houses and the kitchen are prefered. There is no need to use the cleaning set in places where a dustpan slot is used. When the button on it is pressed, his mouth opens and the central vacuum system starts working. Any<\/p>\n<p><a href=\"https:\/\/alfavac.com\/en\/accesories\/sweep-slot\/\" class=\"more-link themebutton\">Read More<\/a><\/p>\n","protected":false},"author":1,"featured_media":0,"parent":331,"menu_order":0,"comment_status":"closed","ping_status":"closed","template":"","meta":{"_joinchat":[],"footnotes":""},"class_list":["post-389","page","type-page","status-publish","hentry"],"yoast_head":"<!-- This site is optimized with the Yoast SEO plugin v26.8 - https:\/\/yoast.com\/product\/yoast-seo-wordpress\/ -->\n<title>Sweep Slot -<\/title>\n<meta name=\"robots\" content=\"index, follow, max-snippet:-1, max-image-preview:large, max-video-preview:-1\" \/>\n<link rel=\"canonical\" href=\"https:\/\/alfavac.com\/en\/accesories\/sweep-slot\/\" \/>\n<meta property=\"og:locale\" content=\"en_GB\" \/>\n<meta property=\"og:type\" content=\"article\" \/>\n<meta property=\"og:title\" content=\"Sweep Slot -\" \/>\n<meta property=\"og:description\" content=\"SWEEP SLOT Provides fast cleaning for frequently soiled places. Generally, the entrance to the houses and the kitchen are prefered. There is no need to use the cleaning set in places where a dustpan slot is used. When the button on it is pressed, his mouth opens and the central vacuum system starts working. AnyRead More\" \/>\n<meta property=\"og:url\" content=\"https:\/\/alfavac.com\/en\/accesories\/sweep-slot\/\" \/>\n<meta property=\"article:modified_time\" content=\"2020-05-31T05:53:31+00:00\" \/>\n<meta property=\"og:image\" content=\"https:\/\/alfavac.com\/en\/wp-content\/uploads\/2019\/01\/vacpan-white.jpg\" \/>\n<meta name=\"twitter:card\" content=\"summary_large_image\" \/>\n<script type=\"application\/ld+json\" class=\"yoast-schema-graph\">{\"@context\":\"https:\/\/schema.org\",\"@graph\":[{\"@type\":\"WebPage\",\"@id\":\"https:\/\/alfavac.com\/en\/accesories\/sweep-slot\/\",\"url\":\"https:\/\/alfavac.com\/en\/accesories\/sweep-slot\/\",\"name\":\"Sweep Slot -\",\"isPartOf\":{\"@id\":\"https:\/\/alfavac.com\/en\/#website\"},\"primaryImageOfPage\":{\"@id\":\"https:\/\/alfavac.com\/en\/accesories\/sweep-slot\/#primaryimage\"},\"image\":{\"@id\":\"https:\/\/alfavac.com\/en\/accesories\/sweep-slot\/#primaryimage\"},\"thumbnailUrl\":\"https:\/\/alfavac.com\/en\/wp-content\/uploads\/2019\/01\/vacpan-white.jpg\",\"datePublished\":\"2018-12-16T10:58:26+00:00\",\"dateModified\":\"2020-05-31T05:53:31+00:00\",\"breadcrumb\":{\"@id\":\"https:\/\/alfavac.com\/en\/accesories\/sweep-slot\/#breadcrumb\"},\"inLanguage\":\"en-GB\",\"potentialAction\":[{\"@type\":\"ReadAction\",\"target\":[\"https:\/\/alfavac.com\/en\/accesories\/sweep-slot\/\"]}]},{\"@type\":\"ImageObject\",\"inLanguage\":\"en-GB\",\"@id\":\"https:\/\/alfavac.com\/en\/accesories\/sweep-slot\/#primaryimage\",\"url\":\"https:\/\/alfavac.com\/en\/wp-content\/uploads\/2019\/01\/vacpan-white.jpg\",\"contentUrl\":\"https:\/\/alfavac.com\/en\/wp-content\/uploads\/2019\/01\/vacpan-white.jpg\",\"width\":600,\"height\":600},{\"@type\":\"BreadcrumbList\",\"@id\":\"https:\/\/alfavac.com\/en\/accesories\/sweep-slot\/#breadcrumb\",\"itemListElement\":[{\"@type\":\"ListItem\",\"position\":1,\"name\":\"Home\",\"item\":\"https:\/\/alfavac.com\/en\/\"},{\"@type\":\"ListItem\",\"position\":2,\"name\":\"Accesories\",\"item\":\"https:\/\/alfavac.com\/en\/accesories\/\"},{\"@type\":\"ListItem\",\"position\":3,\"name\":\"Sweep Slot\"}]},{\"@type\":\"WebSite\",\"@id\":\"https:\/\/alfavac.com\/en\/#website\",\"url\":\"https:\/\/alfavac.com\/en\/\",\"name\":\"Alfavac Central Vacuum Systems\",\"description\":\"Alfavac Central Vacuum Systems\",\"publisher\":{\"@id\":\"https:\/\/alfavac.com\/en\/#organization\"},\"potentialAction\":[{\"@type\":\"SearchAction\",\"target\":{\"@type\":\"EntryPoint\",\"urlTemplate\":\"https:\/\/alfavac.com\/en\/?s={search_term_string}\"},\"query-input\":{\"@type\":\"PropertyValueSpecification\",\"valueRequired\":true,\"valueName\":\"search_term_string\"}}],\"inLanguage\":\"en-GB\"},{\"@type\":\"Organization\",\"@id\":\"https:\/\/alfavac.com\/en\/#organization\",\"name\":\"Alfavac Central Vacuum Systems\",\"url\":\"https:\/\/alfavac.com\/en\/\",\"logo\":{\"@type\":\"ImageObject\",\"inLanguage\":\"en-GB\",\"@id\":\"https:\/\/alfavac.com\/en\/#\/schema\/logo\/image\/\",\"url\":\"https:\/\/alfavac.com\/en\/wp-content\/uploads\/2021\/01\/logo.png\",\"contentUrl\":\"https:\/\/alfavac.com\/en\/wp-content\/uploads\/2021\/01\/logo.png\",\"width\":1217,\"height\":358,\"caption\":\"Alfavac Central Vacuum Systems\"},\"image\":{\"@id\":\"https:\/\/alfavac.com\/en\/#\/schema\/logo\/image\/\"},\"sameAs\":[\"https:\/\/tr.pinterest.com\/alfavac\/\",\"https:\/\/www.youtube.com\/channel\/UC2iR2hoshUkVb7kAA1iTFMQ\"]}]}<\/script>\n<!-- \/ Yoast SEO plugin. -->","yoast_head_json":{"title":"Sweep Slot -","robots":{"index":"index","follow":"follow","max-snippet":"max-snippet:-1","max-image-preview":"max-image-preview:large","max-video-preview":"max-video-preview:-1"},"canonical":"https:\/\/alfavac.com\/en\/accesories\/sweep-slot\/","og_locale":"en_GB","og_type":"article","og_title":"Sweep Slot -","og_description":"SWEEP SLOT Provides fast cleaning for frequently soiled places. Generally, the entrance to the houses and the kitchen are prefered. There is no need to use the cleaning set in places where a dustpan slot is used. When the button on it is pressed, his mouth opens and the central vacuum system starts working. AnyRead More","og_url":"https:\/\/alfavac.com\/en\/accesories\/sweep-slot\/","article_modified_time":"2020-05-31T05:53:31+00:00","og_image":[{"url":"https:\/\/alfavac.com\/en\/wp-content\/uploads\/2019\/01\/vacpan-white.jpg","type":"","width":"","height":""}],"twitter_card":"summary_large_image","schema":{"@context":"https:\/\/schema.org","@graph":[{"@type":"WebPage","@id":"https:\/\/alfavac.com\/en\/accesories\/sweep-slot\/","url":"https:\/\/alfavac.com\/en\/accesories\/sweep-slot\/","name":"Sweep Slot -","isPartOf":{"@id":"https:\/\/alfavac.com\/en\/#website"},"primaryImageOfPage":{"@id":"https:\/\/alfavac.com\/en\/accesories\/sweep-slot\/#primaryimage"},"image":{"@id":"https:\/\/alfavac.com\/en\/accesories\/sweep-slot\/#primaryimage"},"thumbnailUrl":"https:\/\/alfavac.com\/en\/wp-content\/uploads\/2019\/01\/vacpan-white.jpg","datePublished":"2018-12-16T10:58:26+00:00","dateModified":"2020-05-31T05:53:31+00:00","breadcrumb":{"@id":"https:\/\/alfavac.com\/en\/accesories\/sweep-slot\/#breadcrumb"},"inLanguage":"en-GB","potentialAction":[{"@type":"ReadAction","target":["https:\/\/alfavac.com\/en\/accesories\/sweep-slot\/"]}]},{"@type":"ImageObject","inLanguage":"en-GB","@id":"https:\/\/alfavac.com\/en\/accesories\/sweep-slot\/#primaryimage","url":"https:\/\/alfavac.com\/en\/wp-content\/uploads\/2019\/01\/vacpan-white.jpg","contentUrl":"https:\/\/alfavac.com\/en\/wp-content\/uploads\/2019\/01\/vacpan-white.jpg","width":600,"height":600},{"@type":"BreadcrumbList","@id":"https:\/\/alfavac.com\/en\/accesories\/sweep-slot\/#breadcrumb","itemListElement":[{"@type":"ListItem","position":1,"name":"Home","item":"https:\/\/alfavac.com\/en\/"},{"@type":"ListItem","position":2,"name":"Accesories","item":"https:\/\/alfavac.com\/en\/accesories\/"},{"@type":"ListItem","position":3,"name":"Sweep Slot"}]},{"@type":"WebSite","@id":"https:\/\/alfavac.com\/en\/#website","url":"https:\/\/alfavac.com\/en\/","name":"Alfavac Central Vacuum Systems","description":"Alfavac Central Vacuum Systems","publisher":{"@id":"https:\/\/alfavac.com\/en\/#organization"},"potentialAction":[{"@type":"SearchAction","target":{"@type":"EntryPoint","urlTemplate":"https:\/\/alfavac.com\/en\/?s={search_term_string}"},"query-input":{"@type":"PropertyValueSpecification","valueRequired":true,"valueName":"search_term_string"}}],"inLanguage":"en-GB"},{"@type":"Organization","@id":"https:\/\/alfavac.com\/en\/#organization","name":"Alfavac Central Vacuum Systems","url":"https:\/\/alfavac.com\/en\/","logo":{"@type":"ImageObject","inLanguage":"en-GB","@id":"https:\/\/alfavac.com\/en\/#\/schema\/logo\/image\/","url":"https:\/\/alfavac.com\/en\/wp-content\/uploads\/2021\/01\/logo.png","contentUrl":"https:\/\/alfavac.com\/en\/wp-content\/uploads\/2021\/01\/logo.png","width":1217,"height":358,"caption":"Alfavac Central Vacuum Systems"},"image":{"@id":"https:\/\/alfavac.com\/en\/#\/schema\/logo\/image\/"},"sameAs":["https:\/\/tr.pinterest.com\/alfavac\/","https:\/\/www.youtube.com\/channel\/UC2iR2hoshUkVb7kAA1iTFMQ"]}]}},"_links":{"self":[{"href":"https:\/\/alfavac.com\/en\/wp-json\/wp\/v2\/pages\/389","targetHints":{"allow":["GET"]}}],"collection":[{"href":"https:\/\/alfavac.com\/en\/wp-json\/wp\/v2\/pages"}],"about":[{"href":"https:\/\/alfavac.com\/en\/wp-json\/wp\/v2\/types\/page"}],"author":[{"embeddable":true,"href":"https:\/\/alfavac.com\/en\/wp-json\/wp\/v2\/users\/1"}],"replies":[{"embeddable":true,"href":"https:\/\/alfavac.com\/en\/wp-json\/wp\/v2\/comments?post=389"}],"version-history":[{"count":5,"href":"https:\/\/alfavac.com\/en\/wp-json\/wp\/v2\/pages\/389\/revisions"}],"predecessor-version":[{"id":1022,"href":"https:\/\/alfavac.com\/en\/wp-json\/wp\/v2\/pages\/389\/revisions\/1022"}],"up":[{"embeddable":true,"href":"https:\/\/alfavac.com\/en\/wp-json\/wp\/v2\/pages\/331"}],"wp:attachment":[{"href":"https:\/\/alfavac.com\/en\/wp-json\/wp\/v2\/media?parent=389"}],"curies":[{"name":"wp","href":"https:\/\/api.w.org\/{rel}","templated":true}]}}