{"id":391,"date":"2018-12-16T11:00:15","date_gmt":"2018-12-16T11:00:15","guid":{"rendered":"https:\/\/alfavac.com\/en\/?page_id=391"},"modified":"2020-05-31T05:39:06","modified_gmt":"2020-05-31T05:39:06","slug":"kitchbox","status":"publish","type":"page","link":"https:\/\/alfavac.com\/en\/accesories\/kitchbox\/","title":{"rendered":"Kitchbox"},"content":{"rendered":"\n\t\t\t<img decoding=\"async\" src=\"https:\/\/alfavac.com\/en\/wp-content\/uploads\/2019\/01\/Vroom-w-floor-tool-250w.jpg\" alt=\"\" \/>\t\t\t\n\t\t\t\t<a href=\"#\" aria-label=\"previous\" role=\"button\">\n<\/a>\n\t\t\t\t<a href=\"#\" aria-label=\"next\" role=\"button\">\n<\/a>\n\t<h3>Kitchbox (Quick Clean) System<\/h3>\n<p>Thanks to the Kitchbox fast cleaning system, it can easily reach the fast cleaning apparatus of your central vacuum cleaning system in places that require frequent cleaning.<\/p>\n\t<iframe loading=\"lazy\" title=\"Alfavac Merkezi s\u00fcp\u00fcrge sistemi i\u00e7in pratik mutfak aksesuar\u0131 Kitchbox\" width=\"1170\" height=\"658\" src=\"https:\/\/www.youtube.com\/embed\/NTUDydnVjYg?feature=oembed\" frameborder=\"0\" allow=\"accelerometer; autoplay; encrypted-media; gyroscope; picture-in-picture\" allowfullscreen><\/iframe>\n","protected":false},"excerpt":{"rendered":"<p>Kitchbox (Quick Clean) System Thanks to the Kitchbox fast cleaning system, it can easily reach the fast cleaning apparatus of your central vacuum cleaning system in places that require frequent cleaning.<\/p>\n","protected":false},"author":1,"featured_media":0,"parent":331,"menu_order":0,"comment_status":"closed","ping_status":"closed","template":"","meta":{"_joinchat":[],"footnotes":""},"class_list":["post-391","page","type-page","status-publish","hentry"],"yoast_head":"<!-- This site is optimized with the Yoast SEO plugin v26.8 - https:\/\/yoast.com\/product\/yoast-seo-wordpress\/ -->\n<title>Kitchbox -<\/title>\n<meta name=\"robots\" content=\"index, follow, max-snippet:-1, max-image-preview:large, max-video-preview:-1\" \/>\n<link rel=\"canonical\" href=\"https:\/\/alfavac.com\/en\/accesories\/kitchbox\/\" \/>\n<meta property=\"og:locale\" content=\"en_GB\" \/>\n<meta property=\"og:type\" content=\"article\" \/>\n<meta property=\"og:title\" content=\"Kitchbox -\" \/>\n<meta property=\"og:description\" content=\"Kitchbox (Quick Clean) System Thanks to the Kitchbox fast cleaning system, it can easily reach the fast cleaning apparatus of your central vacuum cleaning system in places that require frequent cleaning.\" \/>\n<meta property=\"og:url\" content=\"https:\/\/alfavac.com\/en\/accesories\/kitchbox\/\" \/>\n<meta property=\"article:modified_time\" content=\"2020-05-31T05:39:06+00:00\" \/>\n<meta property=\"og:image\" content=\"https:\/\/alfavac.com\/en\/wp-content\/uploads\/2019\/01\/Vroom-w-floor-tool-250w.jpg\" \/>\n<meta name=\"twitter:card\" content=\"summary_large_image\" \/>\n<script type=\"application\/ld+json\" class=\"yoast-schema-graph\">{\"@context\":\"https:\/\/schema.org\",\"@graph\":[{\"@type\":\"WebPage\",\"@id\":\"https:\/\/alfavac.com\/en\/accesories\/kitchbox\/\",\"url\":\"https:\/\/alfavac.com\/en\/accesories\/kitchbox\/\",\"name\":\"Kitchbox -\",\"isPartOf\":{\"@id\":\"https:\/\/alfavac.com\/en\/#website\"},\"primaryImageOfPage\":{\"@id\":\"https:\/\/alfavac.com\/en\/accesories\/kitchbox\/#primaryimage\"},\"image\":{\"@id\":\"https:\/\/alfavac.com\/en\/accesories\/kitchbox\/#primaryimage\"},\"thumbnailUrl\":\"https:\/\/alfavac.com\/en\/wp-content\/uploads\/2019\/01\/Vroom-w-floor-tool-250w.jpg\",\"datePublished\":\"2018-12-16T11:00:15+00:00\",\"dateModified\":\"2020-05-31T05:39:06+00:00\",\"breadcrumb\":{\"@id\":\"https:\/\/alfavac.com\/en\/accesories\/kitchbox\/#breadcrumb\"},\"inLanguage\":\"en-GB\",\"potentialAction\":[{\"@type\":\"ReadAction\",\"target\":[\"https:\/\/alfavac.com\/en\/accesories\/kitchbox\/\"]}]},{\"@type\":\"ImageObject\",\"inLanguage\":\"en-GB\",\"@id\":\"https:\/\/alfavac.com\/en\/accesories\/kitchbox\/#primaryimage\",\"url\":\"https:\/\/alfavac.com\/en\/wp-content\/uploads\/2019\/01\/Vroom-w-floor-tool-250w.jpg\",\"contentUrl\":\"https:\/\/alfavac.com\/en\/wp-content\/uploads\/2019\/01\/Vroom-w-floor-tool-250w.jpg\",\"width\":250,\"height\":375},{\"@type\":\"BreadcrumbList\",\"@id\":\"https:\/\/alfavac.com\/en\/accesories\/kitchbox\/#breadcrumb\",\"itemListElement\":[{\"@type\":\"ListItem\",\"position\":1,\"name\":\"Home\",\"item\":\"https:\/\/alfavac.com\/en\/\"},{\"@type\":\"ListItem\",\"position\":2,\"name\":\"Accesories\",\"item\":\"https:\/\/alfavac.com\/en\/accesories\/\"},{\"@type\":\"ListItem\",\"position\":3,\"name\":\"Kitchbox\"}]},{\"@type\":\"WebSite\",\"@id\":\"https:\/\/alfavac.com\/en\/#website\",\"url\":\"https:\/\/alfavac.com\/en\/\",\"name\":\"Alfavac Central Vacuum Systems\",\"description\":\"Alfavac Central Vacuum Systems\",\"publisher\":{\"@id\":\"https:\/\/alfavac.com\/en\/#organization\"},\"potentialAction\":[{\"@type\":\"SearchAction\",\"target\":{\"@type\":\"EntryPoint\",\"urlTemplate\":\"https:\/\/alfavac.com\/en\/?s={search_term_string}\"},\"query-input\":{\"@type\":\"PropertyValueSpecification\",\"valueRequired\":true,\"valueName\":\"search_term_string\"}}],\"inLanguage\":\"en-GB\"},{\"@type\":\"Organization\",\"@id\":\"https:\/\/alfavac.com\/en\/#organization\",\"name\":\"Alfavac Central Vacuum Systems\",\"url\":\"https:\/\/alfavac.com\/en\/\",\"logo\":{\"@type\":\"ImageObject\",\"inLanguage\":\"en-GB\",\"@id\":\"https:\/\/alfavac.com\/en\/#\/schema\/logo\/image\/\",\"url\":\"https:\/\/alfavac.com\/en\/wp-content\/uploads\/2021\/01\/logo.png\",\"contentUrl\":\"https:\/\/alfavac.com\/en\/wp-content\/uploads\/2021\/01\/logo.png\",\"width\":1217,\"height\":358,\"caption\":\"Alfavac Central Vacuum Systems\"},\"image\":{\"@id\":\"https:\/\/alfavac.com\/en\/#\/schema\/logo\/image\/\"},\"sameAs\":[\"https:\/\/tr.pinterest.com\/alfavac\/\",\"https:\/\/www.youtube.com\/channel\/UC2iR2hoshUkVb7kAA1iTFMQ\"]}]}<\/script>\n<!-- \/ Yoast SEO plugin. -->","yoast_head_json":{"title":"Kitchbox -","robots":{"index":"index","follow":"follow","max-snippet":"max-snippet:-1","max-image-preview":"max-image-preview:large","max-video-preview":"max-video-preview:-1"},"canonical":"https:\/\/alfavac.com\/en\/accesories\/kitchbox\/","og_locale":"en_GB","og_type":"article","og_title":"Kitchbox -","og_description":"Kitchbox (Quick Clean) System Thanks to the Kitchbox fast cleaning system, it can easily reach the fast cleaning apparatus of your central vacuum cleaning system in places that require frequent cleaning.","og_url":"https:\/\/alfavac.com\/en\/accesories\/kitchbox\/","article_modified_time":"2020-05-31T05:39:06+00:00","og_image":[{"url":"https:\/\/alfavac.com\/en\/wp-content\/uploads\/2019\/01\/Vroom-w-floor-tool-250w.jpg","type":"","width":"","height":""}],"twitter_card":"summary_large_image","schema":{"@context":"https:\/\/schema.org","@graph":[{"@type":"WebPage","@id":"https:\/\/alfavac.com\/en\/accesories\/kitchbox\/","url":"https:\/\/alfavac.com\/en\/accesories\/kitchbox\/","name":"Kitchbox -","isPartOf":{"@id":"https:\/\/alfavac.com\/en\/#website"},"primaryImageOfPage":{"@id":"https:\/\/alfavac.com\/en\/accesories\/kitchbox\/#primaryimage"},"image":{"@id":"https:\/\/alfavac.com\/en\/accesories\/kitchbox\/#primaryimage"},"thumbnailUrl":"https:\/\/alfavac.com\/en\/wp-content\/uploads\/2019\/01\/Vroom-w-floor-tool-250w.jpg","datePublished":"2018-12-16T11:00:15+00:00","dateModified":"2020-05-31T05:39:06+00:00","breadcrumb":{"@id":"https:\/\/alfavac.com\/en\/accesories\/kitchbox\/#breadcrumb"},"inLanguage":"en-GB","potentialAction":[{"@type":"ReadAction","target":["https:\/\/alfavac.com\/en\/accesories\/kitchbox\/"]}]},{"@type":"ImageObject","inLanguage":"en-GB","@id":"https:\/\/alfavac.com\/en\/accesories\/kitchbox\/#primaryimage","url":"https:\/\/alfavac.com\/en\/wp-content\/uploads\/2019\/01\/Vroom-w-floor-tool-250w.jpg","contentUrl":"https:\/\/alfavac.com\/en\/wp-content\/uploads\/2019\/01\/Vroom-w-floor-tool-250w.jpg","width":250,"height":375},{"@type":"BreadcrumbList","@id":"https:\/\/alfavac.com\/en\/accesories\/kitchbox\/#breadcrumb","itemListElement":[{"@type":"ListItem","position":1,"name":"Home","item":"https:\/\/alfavac.com\/en\/"},{"@type":"ListItem","position":2,"name":"Accesories","item":"https:\/\/alfavac.com\/en\/accesories\/"},{"@type":"ListItem","position":3,"name":"Kitchbox"}]},{"@type":"WebSite","@id":"https:\/\/alfavac.com\/en\/#website","url":"https:\/\/alfavac.com\/en\/","name":"Alfavac Central Vacuum Systems","description":"Alfavac Central Vacuum Systems","publisher":{"@id":"https:\/\/alfavac.com\/en\/#organization"},"potentialAction":[{"@type":"SearchAction","target":{"@type":"EntryPoint","urlTemplate":"https:\/\/alfavac.com\/en\/?s={search_term_string}"},"query-input":{"@type":"PropertyValueSpecification","valueRequired":true,"valueName":"search_term_string"}}],"inLanguage":"en-GB"},{"@type":"Organization","@id":"https:\/\/alfavac.com\/en\/#organization","name":"Alfavac Central Vacuum Systems","url":"https:\/\/alfavac.com\/en\/","logo":{"@type":"ImageObject","inLanguage":"en-GB","@id":"https:\/\/alfavac.com\/en\/#\/schema\/logo\/image\/","url":"https:\/\/alfavac.com\/en\/wp-content\/uploads\/2021\/01\/logo.png","contentUrl":"https:\/\/alfavac.com\/en\/wp-content\/uploads\/2021\/01\/logo.png","width":1217,"height":358,"caption":"Alfavac Central Vacuum Systems"},"image":{"@id":"https:\/\/alfavac.com\/en\/#\/schema\/logo\/image\/"},"sameAs":["https:\/\/tr.pinterest.com\/alfavac\/","https:\/\/www.youtube.com\/channel\/UC2iR2hoshUkVb7kAA1iTFMQ"]}]}},"_links":{"self":[{"href":"https:\/\/alfavac.com\/en\/wp-json\/wp\/v2\/pages\/391","targetHints":{"allow":["GET"]}}],"collection":[{"href":"https:\/\/alfavac.com\/en\/wp-json\/wp\/v2\/pages"}],"about":[{"href":"https:\/\/alfavac.com\/en\/wp-json\/wp\/v2\/types\/page"}],"author":[{"embeddable":true,"href":"https:\/\/alfavac.com\/en\/wp-json\/wp\/v2\/users\/1"}],"replies":[{"embeddable":true,"href":"https:\/\/alfavac.com\/en\/wp-json\/wp\/v2\/comments?post=391"}],"version-history":[{"count":5,"href":"https:\/\/alfavac.com\/en\/wp-json\/wp\/v2\/pages\/391\/revisions"}],"predecessor-version":[{"id":1020,"href":"https:\/\/alfavac.com\/en\/wp-json\/wp\/v2\/pages\/391\/revisions\/1020"}],"up":[{"embeddable":true,"href":"https:\/\/alfavac.com\/en\/wp-json\/wp\/v2\/pages\/331"}],"wp:attachment":[{"href":"https:\/\/alfavac.com\/en\/wp-json\/wp\/v2\/media?parent=391"}],"curies":[{"name":"wp","href":"https:\/\/api.w.org\/{rel}","templated":true}]}}