{"id":694,"date":"2020-02-16T05:15:50","date_gmt":"2020-02-16T05:15:50","guid":{"rendered":"https:\/\/alfavac.com\/en\/?page_id=694"},"modified":"2020-05-31T11:59:32","modified_gmt":"2020-05-31T11:59:32","slug":"contact-us","status":"publish","type":"page","link":"https:\/\/alfavac.com\/en\/contact\/contact-us\/","title":{"rendered":"Contact Us"},"content":{"rendered":"\n\t<p>Bizimle ileti\u015fime ge\u00e7mek i\u00e7in a\u015fa\u011f\u0131daki formu doldurabilirsiniz ya da ileti\u015fim bilgilerimizden bize ula\u015fabilirsiniz.<\/p>\n\t<h2>Alfavac Central Vacuum Cleaners<\/h2>\n<h3>Phone: +90 850 495 55 16<\/h3>\n<h3>Fax: +90 312 219 66 86<\/h3>\n<h3>Email: info@alfavac.com<\/h3>\n<p><strong>Headquarter<\/strong><\/p>\n<p><strong>ANKARA OFFICE<\/strong><\/p>\n<p>Address: Uzay Cagi Caddesi Ayik Is Merkezi No:82-2\/B16 Ostim Organize Sanayi Bolgesi Ankara TURKEY<\/p>\n<p><strong>ISTANBUL Office:<\/strong><\/p>\n<p>Velibaba Mah. Yakac\u0131k Cd. No:106\/1 Pendik \u0130STANBUL<\/p>\n<p><strong>IZMIR Office:<\/strong><\/p>\n<p>Adres: Onur Mah. Fulya Sk No:45\/A Bal\u00e7ova \u0130ZM\u0130R<\/p>\n<p>&nbsp;<\/p>\n","protected":false},"excerpt":{"rendered":"<p>Bizimle ileti\u015fime ge\u00e7mek i\u00e7in a\u015fa\u011f\u0131daki formu doldurabilirsiniz ya da ileti\u015fim bilgilerimizden bize ula\u015fabilirsiniz. Alfavac Central Vacuum Cleaners Phone: +90 850 495 55 16 Fax: +90 312 219 66 86 Email: info@alfavac.com Headquarter ANKARA OFFICE Address: Uzay Cagi Caddesi Ayik Is Merkezi No:82-2\/B16 Ostim Organize Sanayi Bolgesi Ankara TURKEY ISTANBUL Office: Velibaba Mah. Yakac\u0131k Cd. No:106\/1<\/p>\n<p><a href=\"https:\/\/alfavac.com\/en\/contact\/contact-us\/\" class=\"more-link themebutton\">Read More<\/a><\/p>\n","protected":false},"author":1,"featured_media":0,"parent":19,"menu_order":0,"comment_status":"closed","ping_status":"closed","template":"","meta":{"_joinchat":[],"footnotes":""},"class_list":["post-694","page","type-page","status-publish","hentry"],"yoast_head":"<!-- This site is optimized with the Yoast SEO plugin v26.8 - https:\/\/yoast.com\/product\/yoast-seo-wordpress\/ -->\n<title>Contact Us -<\/title>\n<meta name=\"robots\" content=\"index, follow, max-snippet:-1, max-image-preview:large, max-video-preview:-1\" \/>\n<link rel=\"canonical\" href=\"https:\/\/alfavac.com\/en\/contact\/contact-us\/\" \/>\n<meta property=\"og:locale\" content=\"en_GB\" \/>\n<meta property=\"og:type\" content=\"article\" \/>\n<meta property=\"og:title\" content=\"Contact Us -\" \/>\n<meta property=\"og:description\" content=\"Bizimle ileti\u015fime ge\u00e7mek i\u00e7in a\u015fa\u011f\u0131daki formu doldurabilirsiniz ya da ileti\u015fim bilgilerimizden bize ula\u015fabilirsiniz. Alfavac Central Vacuum Cleaners Phone: +90 850 495 55 16 Fax: +90 312 219 66 86 Email: info@alfavac.com Headquarter ANKARA OFFICE Address: Uzay Cagi Caddesi Ayik Is Merkezi No:82-2\/B16 Ostim Organize Sanayi Bolgesi Ankara TURKEY ISTANBUL Office: Velibaba Mah. Yakac\u0131k Cd. No:106\/1Read More\" \/>\n<meta property=\"og:url\" content=\"https:\/\/alfavac.com\/en\/contact\/contact-us\/\" \/>\n<meta property=\"article:modified_time\" content=\"2020-05-31T11:59:32+00:00\" \/>\n<meta name=\"twitter:card\" content=\"summary_large_image\" \/>\n<script type=\"application\/ld+json\" class=\"yoast-schema-graph\">{\"@context\":\"https:\/\/schema.org\",\"@graph\":[{\"@type\":\"WebPage\",\"@id\":\"https:\/\/alfavac.com\/en\/contact\/contact-us\/\",\"url\":\"https:\/\/alfavac.com\/en\/contact\/contact-us\/\",\"name\":\"Contact Us -\",\"isPartOf\":{\"@id\":\"https:\/\/alfavac.com\/en\/#website\"},\"datePublished\":\"2020-02-16T05:15:50+00:00\",\"dateModified\":\"2020-05-31T11:59:32+00:00\",\"breadcrumb\":{\"@id\":\"https:\/\/alfavac.com\/en\/contact\/contact-us\/#breadcrumb\"},\"inLanguage\":\"en-GB\",\"potentialAction\":[{\"@type\":\"ReadAction\",\"target\":[\"https:\/\/alfavac.com\/en\/contact\/contact-us\/\"]}]},{\"@type\":\"BreadcrumbList\",\"@id\":\"https:\/\/alfavac.com\/en\/contact\/contact-us\/#breadcrumb\",\"itemListElement\":[{\"@type\":\"ListItem\",\"position\":1,\"name\":\"Home\",\"item\":\"https:\/\/alfavac.com\/en\/\"},{\"@type\":\"ListItem\",\"position\":2,\"name\":\"Contact\",\"item\":\"https:\/\/alfavac.com\/en\/contact\/\"},{\"@type\":\"ListItem\",\"position\":3,\"name\":\"Contact Us\"}]},{\"@type\":\"WebSite\",\"@id\":\"https:\/\/alfavac.com\/en\/#website\",\"url\":\"https:\/\/alfavac.com\/en\/\",\"name\":\"Alfavac Central Vacuum Systems\",\"description\":\"Alfavac Central Vacuum Systems\",\"publisher\":{\"@id\":\"https:\/\/alfavac.com\/en\/#organization\"},\"potentialAction\":[{\"@type\":\"SearchAction\",\"target\":{\"@type\":\"EntryPoint\",\"urlTemplate\":\"https:\/\/alfavac.com\/en\/?s={search_term_string}\"},\"query-input\":{\"@type\":\"PropertyValueSpecification\",\"valueRequired\":true,\"valueName\":\"search_term_string\"}}],\"inLanguage\":\"en-GB\"},{\"@type\":\"Organization\",\"@id\":\"https:\/\/alfavac.com\/en\/#organization\",\"name\":\"Alfavac Central Vacuum Systems\",\"url\":\"https:\/\/alfavac.com\/en\/\",\"logo\":{\"@type\":\"ImageObject\",\"inLanguage\":\"en-GB\",\"@id\":\"https:\/\/alfavac.com\/en\/#\/schema\/logo\/image\/\",\"url\":\"https:\/\/alfavac.com\/en\/wp-content\/uploads\/2021\/01\/logo.png\",\"contentUrl\":\"https:\/\/alfavac.com\/en\/wp-content\/uploads\/2021\/01\/logo.png\",\"width\":1217,\"height\":358,\"caption\":\"Alfavac Central Vacuum Systems\"},\"image\":{\"@id\":\"https:\/\/alfavac.com\/en\/#\/schema\/logo\/image\/\"},\"sameAs\":[\"https:\/\/tr.pinterest.com\/alfavac\/\",\"https:\/\/www.youtube.com\/channel\/UC2iR2hoshUkVb7kAA1iTFMQ\"]}]}<\/script>\n<!-- \/ Yoast SEO plugin. -->","yoast_head_json":{"title":"Contact Us -","robots":{"index":"index","follow":"follow","max-snippet":"max-snippet:-1","max-image-preview":"max-image-preview:large","max-video-preview":"max-video-preview:-1"},"canonical":"https:\/\/alfavac.com\/en\/contact\/contact-us\/","og_locale":"en_GB","og_type":"article","og_title":"Contact Us -","og_description":"Bizimle ileti\u015fime ge\u00e7mek i\u00e7in a\u015fa\u011f\u0131daki formu doldurabilirsiniz ya da ileti\u015fim bilgilerimizden bize ula\u015fabilirsiniz. Alfavac Central Vacuum Cleaners Phone: +90 850 495 55 16 Fax: +90 312 219 66 86 Email: info@alfavac.com Headquarter ANKARA OFFICE Address: Uzay Cagi Caddesi Ayik Is Merkezi No:82-2\/B16 Ostim Organize Sanayi Bolgesi Ankara TURKEY ISTANBUL Office: Velibaba Mah. Yakac\u0131k Cd. No:106\/1Read More","og_url":"https:\/\/alfavac.com\/en\/contact\/contact-us\/","article_modified_time":"2020-05-31T11:59:32+00:00","twitter_card":"summary_large_image","schema":{"@context":"https:\/\/schema.org","@graph":[{"@type":"WebPage","@id":"https:\/\/alfavac.com\/en\/contact\/contact-us\/","url":"https:\/\/alfavac.com\/en\/contact\/contact-us\/","name":"Contact Us -","isPartOf":{"@id":"https:\/\/alfavac.com\/en\/#website"},"datePublished":"2020-02-16T05:15:50+00:00","dateModified":"2020-05-31T11:59:32+00:00","breadcrumb":{"@id":"https:\/\/alfavac.com\/en\/contact\/contact-us\/#breadcrumb"},"inLanguage":"en-GB","potentialAction":[{"@type":"ReadAction","target":["https:\/\/alfavac.com\/en\/contact\/contact-us\/"]}]},{"@type":"BreadcrumbList","@id":"https:\/\/alfavac.com\/en\/contact\/contact-us\/#breadcrumb","itemListElement":[{"@type":"ListItem","position":1,"name":"Home","item":"https:\/\/alfavac.com\/en\/"},{"@type":"ListItem","position":2,"name":"Contact","item":"https:\/\/alfavac.com\/en\/contact\/"},{"@type":"ListItem","position":3,"name":"Contact Us"}]},{"@type":"WebSite","@id":"https:\/\/alfavac.com\/en\/#website","url":"https:\/\/alfavac.com\/en\/","name":"Alfavac Central Vacuum Systems","description":"Alfavac Central Vacuum Systems","publisher":{"@id":"https:\/\/alfavac.com\/en\/#organization"},"potentialAction":[{"@type":"SearchAction","target":{"@type":"EntryPoint","urlTemplate":"https:\/\/alfavac.com\/en\/?s={search_term_string}"},"query-input":{"@type":"PropertyValueSpecification","valueRequired":true,"valueName":"search_term_string"}}],"inLanguage":"en-GB"},{"@type":"Organization","@id":"https:\/\/alfavac.com\/en\/#organization","name":"Alfavac Central Vacuum Systems","url":"https:\/\/alfavac.com\/en\/","logo":{"@type":"ImageObject","inLanguage":"en-GB","@id":"https:\/\/alfavac.com\/en\/#\/schema\/logo\/image\/","url":"https:\/\/alfavac.com\/en\/wp-content\/uploads\/2021\/01\/logo.png","contentUrl":"https:\/\/alfavac.com\/en\/wp-content\/uploads\/2021\/01\/logo.png","width":1217,"height":358,"caption":"Alfavac Central Vacuum Systems"},"image":{"@id":"https:\/\/alfavac.com\/en\/#\/schema\/logo\/image\/"},"sameAs":["https:\/\/tr.pinterest.com\/alfavac\/","https:\/\/www.youtube.com\/channel\/UC2iR2hoshUkVb7kAA1iTFMQ"]}]}},"_links":{"self":[{"href":"https:\/\/alfavac.com\/en\/wp-json\/wp\/v2\/pages\/694","targetHints":{"allow":["GET"]}}],"collection":[{"href":"https:\/\/alfavac.com\/en\/wp-json\/wp\/v2\/pages"}],"about":[{"href":"https:\/\/alfavac.com\/en\/wp-json\/wp\/v2\/types\/page"}],"author":[{"embeddable":true,"href":"https:\/\/alfavac.com\/en\/wp-json\/wp\/v2\/users\/1"}],"replies":[{"embeddable":true,"href":"https:\/\/alfavac.com\/en\/wp-json\/wp\/v2\/comments?post=694"}],"version-history":[{"count":12,"href":"https:\/\/alfavac.com\/en\/wp-json\/wp\/v2\/pages\/694\/revisions"}],"predecessor-version":[{"id":1030,"href":"https:\/\/alfavac.com\/en\/wp-json\/wp\/v2\/pages\/694\/revisions\/1030"}],"up":[{"embeddable":true,"href":"https:\/\/alfavac.com\/en\/wp-json\/wp\/v2\/pages\/19"}],"wp:attachment":[{"href":"https:\/\/alfavac.com\/en\/wp-json\/wp\/v2\/media?parent=694"}],"curies":[{"name":"wp","href":"https:\/\/api.w.org\/{rel}","templated":true}]}}